 {"id":5824,"date":"2019-04-11T10:26:40","date_gmt":"2019-04-11T08:26:40","guid":{"rendered":"https:\/\/www.centrobossaglia.it\/?page_id=5824"},"modified":"2023-06-30T23:28:02","modified_gmt":"2023-06-30T21:28:02","slug":"ricerca-storia-restauro-e-tecniche-artistiche","status":"publish","type":"page","link":"https:\/\/centrobossaglia.it\/en\/ricerca-storia-restauro-e-tecniche-artistiche\/","title":{"rendered":"Ricerca Storia del restauro e delle tecniche artistiche"},"content":{"rendered":"\r\n<p>L\u2019archivio digitale dedicato alla Storia delle tecniche artistiche e del restauro nasce dal lavoro di digitalizzazione dei risultati del progetto \u201c<em>FRESCO affreschi strappati: restauro e conservazione\u201d<\/em>, nell\u2019ambito del Joint Project 2017 dell\u2019Universit\u00e0 di Verona. Finalit\u00e0 del gruppo di ricerca \u00e8 lo studio degli stacchi e degli strappi di pittura murale effettuati a Verona e Mantova fra il XIX e il XX secolo, attraverso un approccio metodologico multidisciplinare che pone in dialogo la storia del restauro e delle tecniche artistiche, la storia della critica, la museologia, la storia dell\u2019arte e le tecnologie della diagnostica applicata ai beni culturali.<\/p>\r\n\r\n\r\n\r\n<p>Il database \u00e8 organizzato secondo singole schede in cui sono riportati i dati tecnici delle opere e un breve paragrafo critico relativo alle campagne di restauro realizzate nel corso del Novecento, supportato dalla trascrizione di stralci dei documenti archivistici rilevanti per la ricostruzione della storia conservativa dell\u2019opera.<\/p>\r\n\r\n\r\n\r\n<p>La ricerca per campi consentir\u00e0 inoltre di ordinare le schede secondo i nomi dei restauratori che si sono succeduti nelle campagne conservative relative alle opere, in modo da poter ricostruire trasversalmente i profili e, quando possibile, le metodologie di lavoro dei diversi professionisti.<\/p>\r\n\r\n\r\n\r\n<p>Il responsabile scientifico del progetto \u00e8 Monica Molteni, con la collaborazione di Valerio Terraroli, Stefania Cretella e Giulia Adami.<\/p>\r\n\r\n<p>&nbsp;<\/p>\r\n<p><b>La visualizzazione delle schede critiche del progetto FRESCO 2017 \u00e8 stata temporaneamente sospesa per motivi di manutenzione. L\u2019archivio sar\u00e0 ripristinato al pi\u00f9 presto.<\/b><\/p>\r\n\r\n<div class=\"wp-block-toolset-view\">\u00a0<\/div>\r\n","protected":false},"excerpt":{"rendered":"<p>L\u2019archivio digitale dedicato alla Storia delle tecniche artistiche e del restauro nasce dal lavoro di digitalizzazione dei risultati del progetto \u201cFRESCO affreschi strappati: restauro e conservazione\u201d, nell\u2019ambito del Joint Project 2017 dell\u2019Universit\u00e0 di Verona. Finalit\u00e0 del gruppo di ricerca \u00e8 lo studio degli stacchi e degli strappi di pittura murale effettuati a Verona e Mantova&#8230;<\/p>\n","protected":false},"author":1,"featured_media":7152,"parent":0,"menu_order":0,"comment_status":"closed","ping_status":"closed","template":"","meta":{"footnotes":""},"class_list":["post-5824","page","type-page","status-publish","has-post-thumbnail","hentry"],"featured_image_urls_v2":{"full":["https:\/\/centrobossaglia.it\/wp-content\/uploads\/2019\/04\/F-12-027-0071-1-1.jpg",2028,1189,false],"thumbnail":["https:\/\/centrobossaglia.it\/wp-content\/uploads\/2019\/04\/F-12-027-0071-1-1-150x150.jpg",150,150,true],"medium":["https:\/\/centrobossaglia.it\/wp-content\/uploads\/2019\/04\/F-12-027-0071-1-1-300x176.jpg",300,176,true],"medium_large":["https:\/\/centrobossaglia.it\/wp-content\/uploads\/2019\/04\/F-12-027-0071-1-1-768x450.jpg",600,352,true],"large":["https:\/\/centrobossaglia.it\/wp-content\/uploads\/2019\/04\/F-12-027-0071-1-1-1024x600.jpg",600,352,true],"folio":["https:\/\/centrobossaglia.it\/wp-content\/uploads\/2019\/04\/F-12-027-0071-1-1.jpg",600,352,false],"1536x1536":["https:\/\/centrobossaglia.it\/wp-content\/uploads\/2019\/04\/F-12-027-0071-1-1.jpg",1536,901,false],"2048x2048":["https:\/\/centrobossaglia.it\/wp-content\/uploads\/2019\/04\/F-12-027-0071-1-1.jpg",2028,1189,false],"blog-masonry-three":["https:\/\/centrobossaglia.it\/wp-content\/uploads\/2019\/04\/F-12-027-0071-1-1-360x211.jpg",360,211,true],"blog":["https:\/\/centrobossaglia.it\/wp-content\/uploads\/2019\/04\/F-12-027-0071-1-1-770x440.jpg",770,440,true],"blog-strip":["https:\/\/centrobossaglia.it\/wp-content\/uploads\/2019\/04\/F-12-027-0071-1-1-2028x400.jpg",2028,400,true],"portfolio-post":["https:\/\/centrobossaglia.it\/wp-content\/uploads\/2019\/04\/F-12-027-0071-1-1-500x500.jpg",500,500,true],"portfolio-post-large":["https:\/\/centrobossaglia.it\/wp-content\/uploads\/2019\/04\/F-12-027-0071-1-1-1000x500.jpg",1000,500,true],"portfolio-post-large-2":["https:\/\/centrobossaglia.it\/wp-content\/uploads\/2019\/04\/F-12-027-0071-1-1-900x675.jpg",900,675,true],"portfolio-4-columns":["https:\/\/centrobossaglia.it\/wp-content\/uploads\/2019\/04\/F-12-027-0071-1-1-400x300.jpg",400,300,true],"sow-carousel-default":["https:\/\/centrobossaglia.it\/wp-content\/uploads\/2019\/04\/F-12-027-0071-1-1-272x182.jpg",272,182,true]},"post_excerpt_stackable_v2":"<p>L\u2019archivio digitale dedicato alla Storia delle tecniche artistiche e del restauro nasce dal lavoro di digitalizzazione dei risultati del progetto \u201cFRESCO affreschi strappati: restauro e conservazione\u201d, nell\u2019ambito del Joint Project 2017 dell\u2019Universit\u00e0 di Verona. Finalit\u00e0 del gruppo di ricerca \u00e8 lo studio degli stacchi e degli strappi di pittura murale effettuati a Verona e Mantova fra il XIX e il XX secolo, attraverso un approccio metodologico multidisciplinare che pone in dialogo la storia del restauro e delle tecniche artistiche, la storia della critica, la museologia, la storia dell\u2019arte e le tecnologie della diagnostica applicata ai beni culturali. Il database \u00e8&hellip;<\/p>\n","category_list_v2":"","author_info_v2":{"name":"admin","url":"https:\/\/centrobossaglia.it\/en\/author\/admin\/"},"comments_num_v2":"0 comments","yoast_head":"<!-- This site is optimized with the Yoast SEO plugin v27.4 - https:\/\/yoast.com\/product\/yoast-seo-wordpress\/ -->\n<title>Ricerca Storia del restauro e delle tecniche artistiche - Centro Studi Rossana Bossaglia<\/title>\n<meta name=\"robots\" content=\"index, follow, max-snippet:-1, max-image-preview:large, max-video-preview:-1\" \/>\n<link rel=\"canonical\" href=\"https:\/\/centrobossaglia.it\/en\/ricerca-storia-restauro-e-tecniche-artistiche\/\" \/>\n<meta property=\"og:locale\" content=\"en_US\" \/>\n<meta property=\"og:type\" content=\"article\" \/>\n<meta property=\"og:title\" content=\"Ricerca Storia del restauro e delle tecniche artistiche - Centro Studi Rossana Bossaglia\" \/>\n<meta property=\"og:description\" content=\"L\u2019archivio digitale dedicato alla Storia delle tecniche artistiche e del restauro nasce dal lavoro di digitalizzazione dei risultati del progetto \u201cFRESCO affreschi strappati: restauro e conservazione\u201d, nell\u2019ambito del Joint Project 2017 dell\u2019Universit\u00e0 di Verona. Finalit\u00e0 del gruppo di ricerca \u00e8 lo studio degli stacchi e degli strappi di pittura murale effettuati a Verona e Mantova...\" \/>\n<meta property=\"og:url\" content=\"https:\/\/centrobossaglia.it\/en\/ricerca-storia-restauro-e-tecniche-artistiche\/\" \/>\n<meta property=\"og:site_name\" content=\"Centro Studi Rossana Bossaglia\" \/>\n<meta property=\"article:modified_time\" content=\"2023-06-30T21:28:02+00:00\" \/>\n<meta property=\"og:image\" content=\"https:\/\/centrobossaglia.it\/wp-content\/uploads\/2019\/04\/F-12-027-0071-1-1.jpg\" \/>\n\t<meta property=\"og:image:width\" content=\"2028\" \/>\n\t<meta property=\"og:image:height\" content=\"1189\" \/>\n\t<meta property=\"og:image:type\" content=\"image\/jpeg\" \/>\n<meta name=\"twitter:card\" content=\"summary_large_image\" \/>\n<meta name=\"twitter:label1\" content=\"Est. reading time\" \/>\n\t<meta name=\"twitter:data1\" content=\"2 minutes\" \/>\n<script type=\"application\/ld+json\" class=\"yoast-schema-graph\">{\"@context\":\"https:\\\/\\\/schema.org\",\"@graph\":[{\"@type\":\"WebPage\",\"@id\":\"https:\\\/\\\/centrobossaglia.it\\\/en\\\/ricerca-storia-restauro-e-tecniche-artistiche\\\/\",\"url\":\"https:\\\/\\\/centrobossaglia.it\\\/en\\\/ricerca-storia-restauro-e-tecniche-artistiche\\\/\",\"name\":\"Ricerca Storia del restauro e delle tecniche artistiche - Centro Studi Rossana Bossaglia\",\"isPartOf\":{\"@id\":\"https:\\\/\\\/centrobossaglia.it\\\/en\\\/#website\"},\"primaryImageOfPage\":{\"@id\":\"https:\\\/\\\/centrobossaglia.it\\\/en\\\/ricerca-storia-restauro-e-tecniche-artistiche\\\/#primaryimage\"},\"image\":{\"@id\":\"https:\\\/\\\/centrobossaglia.it\\\/en\\\/ricerca-storia-restauro-e-tecniche-artistiche\\\/#primaryimage\"},\"thumbnailUrl\":\"https:\\\/\\\/centrobossaglia.it\\\/wp-content\\\/uploads\\\/2019\\\/04\\\/F-12-027-0071-1-1.jpg\",\"datePublished\":\"2019-04-11T08:26:40+00:00\",\"dateModified\":\"2023-06-30T21:28:02+00:00\",\"breadcrumb\":{\"@id\":\"https:\\\/\\\/centrobossaglia.it\\\/en\\\/ricerca-storia-restauro-e-tecniche-artistiche\\\/#breadcrumb\"},\"inLanguage\":\"en-US\",\"potentialAction\":[{\"@type\":\"ReadAction\",\"target\":[\"https:\\\/\\\/centrobossaglia.it\\\/en\\\/ricerca-storia-restauro-e-tecniche-artistiche\\\/\"]}]},{\"@type\":\"ImageObject\",\"inLanguage\":\"en-US\",\"@id\":\"https:\\\/\\\/centrobossaglia.it\\\/en\\\/ricerca-storia-restauro-e-tecniche-artistiche\\\/#primaryimage\",\"url\":\"https:\\\/\\\/centrobossaglia.it\\\/wp-content\\\/uploads\\\/2019\\\/04\\\/F-12-027-0071-1-1.jpg\",\"contentUrl\":\"https:\\\/\\\/centrobossaglia.it\\\/wp-content\\\/uploads\\\/2019\\\/04\\\/F-12-027-0071-1-1.jpg\",\"width\":2028,\"height\":1189},{\"@type\":\"BreadcrumbList\",\"@id\":\"https:\\\/\\\/centrobossaglia.it\\\/en\\\/ricerca-storia-restauro-e-tecniche-artistiche\\\/#breadcrumb\",\"itemListElement\":[{\"@type\":\"ListItem\",\"position\":1,\"name\":\"Home\",\"item\":\"https:\\\/\\\/centrobossaglia.it\\\/en\\\/\"},{\"@type\":\"ListItem\",\"position\":2,\"name\":\"Ricerca Storia del restauro e delle tecniche artistiche\"}]},{\"@type\":\"WebSite\",\"@id\":\"https:\\\/\\\/centrobossaglia.it\\\/en\\\/#website\",\"url\":\"https:\\\/\\\/centrobossaglia.it\\\/en\\\/\",\"name\":\"Centro Studi Rossana Bossaglia\",\"description\":\"Il sito ufficiale del Centro Studi Rossana Bossaglia\",\"potentialAction\":[{\"@type\":\"SearchAction\",\"target\":{\"@type\":\"EntryPoint\",\"urlTemplate\":\"https:\\\/\\\/centrobossaglia.it\\\/en\\\/?s={search_term_string}\"},\"query-input\":{\"@type\":\"PropertyValueSpecification\",\"valueRequired\":true,\"valueName\":\"search_term_string\"}}],\"inLanguage\":\"en-US\"}]}<\/script>\n<!-- \/ Yoast SEO plugin. -->","yoast_head_json":{"title":"Ricerca Storia del restauro e delle tecniche artistiche - Centro Studi Rossana Bossaglia","robots":{"index":"index","follow":"follow","max-snippet":"max-snippet:-1","max-image-preview":"max-image-preview:large","max-video-preview":"max-video-preview:-1"},"canonical":"https:\/\/centrobossaglia.it\/en\/ricerca-storia-restauro-e-tecniche-artistiche\/","og_locale":"en_US","og_type":"article","og_title":"Ricerca Storia del restauro e delle tecniche artistiche - Centro Studi Rossana Bossaglia","og_description":"L\u2019archivio digitale dedicato alla Storia delle tecniche artistiche e del restauro nasce dal lavoro di digitalizzazione dei risultati del progetto \u201cFRESCO affreschi strappati: restauro e conservazione\u201d, nell\u2019ambito del Joint Project 2017 dell\u2019Universit\u00e0 di Verona. Finalit\u00e0 del gruppo di ricerca \u00e8 lo studio degli stacchi e degli strappi di pittura murale effettuati a Verona e Mantova...","og_url":"https:\/\/centrobossaglia.it\/en\/ricerca-storia-restauro-e-tecniche-artistiche\/","og_site_name":"Centro Studi Rossana Bossaglia","article_modified_time":"2023-06-30T21:28:02+00:00","og_image":[{"width":2028,"height":1189,"url":"https:\/\/centrobossaglia.it\/wp-content\/uploads\/2019\/04\/F-12-027-0071-1-1.jpg","type":"image\/jpeg"}],"twitter_card":"summary_large_image","twitter_misc":{"Est. reading time":"2 minutes"},"schema":{"@context":"https:\/\/schema.org","@graph":[{"@type":"WebPage","@id":"https:\/\/centrobossaglia.it\/en\/ricerca-storia-restauro-e-tecniche-artistiche\/","url":"https:\/\/centrobossaglia.it\/en\/ricerca-storia-restauro-e-tecniche-artistiche\/","name":"Ricerca Storia del restauro e delle tecniche artistiche - Centro Studi Rossana Bossaglia","isPartOf":{"@id":"https:\/\/centrobossaglia.it\/en\/#website"},"primaryImageOfPage":{"@id":"https:\/\/centrobossaglia.it\/en\/ricerca-storia-restauro-e-tecniche-artistiche\/#primaryimage"},"image":{"@id":"https:\/\/centrobossaglia.it\/en\/ricerca-storia-restauro-e-tecniche-artistiche\/#primaryimage"},"thumbnailUrl":"https:\/\/centrobossaglia.it\/wp-content\/uploads\/2019\/04\/F-12-027-0071-1-1.jpg","datePublished":"2019-04-11T08:26:40+00:00","dateModified":"2023-06-30T21:28:02+00:00","breadcrumb":{"@id":"https:\/\/centrobossaglia.it\/en\/ricerca-storia-restauro-e-tecniche-artistiche\/#breadcrumb"},"inLanguage":"en-US","potentialAction":[{"@type":"ReadAction","target":["https:\/\/centrobossaglia.it\/en\/ricerca-storia-restauro-e-tecniche-artistiche\/"]}]},{"@type":"ImageObject","inLanguage":"en-US","@id":"https:\/\/centrobossaglia.it\/en\/ricerca-storia-restauro-e-tecniche-artistiche\/#primaryimage","url":"https:\/\/centrobossaglia.it\/wp-content\/uploads\/2019\/04\/F-12-027-0071-1-1.jpg","contentUrl":"https:\/\/centrobossaglia.it\/wp-content\/uploads\/2019\/04\/F-12-027-0071-1-1.jpg","width":2028,"height":1189},{"@type":"BreadcrumbList","@id":"https:\/\/centrobossaglia.it\/en\/ricerca-storia-restauro-e-tecniche-artistiche\/#breadcrumb","itemListElement":[{"@type":"ListItem","position":1,"name":"Home","item":"https:\/\/centrobossaglia.it\/en\/"},{"@type":"ListItem","position":2,"name":"Ricerca Storia del restauro e delle tecniche artistiche"}]},{"@type":"WebSite","@id":"https:\/\/centrobossaglia.it\/en\/#website","url":"https:\/\/centrobossaglia.it\/en\/","name":"Centro Studi Rossana Bossaglia","description":"Il sito ufficiale del Centro Studi Rossana Bossaglia","potentialAction":[{"@type":"SearchAction","target":{"@type":"EntryPoint","urlTemplate":"https:\/\/centrobossaglia.it\/en\/?s={search_term_string}"},"query-input":{"@type":"PropertyValueSpecification","valueRequired":true,"valueName":"search_term_string"}}],"inLanguage":"en-US"}]}},"_links":{"self":[{"href":"https:\/\/centrobossaglia.it\/en\/wp-json\/wp\/v2\/pages\/5824","targetHints":{"allow":["GET"]}}],"collection":[{"href":"https:\/\/centrobossaglia.it\/en\/wp-json\/wp\/v2\/pages"}],"about":[{"href":"https:\/\/centrobossaglia.it\/en\/wp-json\/wp\/v2\/types\/page"}],"author":[{"embeddable":true,"href":"https:\/\/centrobossaglia.it\/en\/wp-json\/wp\/v2\/users\/1"}],"replies":[{"embeddable":true,"href":"https:\/\/centrobossaglia.it\/en\/wp-json\/wp\/v2\/comments?post=5824"}],"version-history":[{"count":14,"href":"https:\/\/centrobossaglia.it\/en\/wp-json\/wp\/v2\/pages\/5824\/revisions"}],"predecessor-version":[{"id":22013,"href":"https:\/\/centrobossaglia.it\/en\/wp-json\/wp\/v2\/pages\/5824\/revisions\/22013"}],"wp:featuredmedia":[{"embeddable":true,"href":"https:\/\/centrobossaglia.it\/en\/wp-json\/wp\/v2\/media\/7152"}],"wp:attachment":[{"href":"https:\/\/centrobossaglia.it\/en\/wp-json\/wp\/v2\/media?parent=5824"}],"curies":[{"name":"wp","href":"https:\/\/api.w.org\/{rel}","templated":true}]}}