 {"id":8045,"date":"2019-05-04T18:48:03","date_gmt":"2019-05-04T16:48:03","guid":{"rendered":"https:\/\/www.centrobossaglia.it\/?page_id=8045"},"modified":"2023-04-23T17:21:41","modified_gmt":"2023-04-23T15:21:41","slug":"governance","status":"publish","type":"page","link":"https:\/\/centrobossaglia.it\/en\/governance\/","title":{"rendered":"Governance"},"content":{"rendered":"\n<p><strong>Management<\/strong>:<strong> <\/strong>Valerio Terraroli<\/p>\n\n\n\n<p><strong>Secretaryship<\/strong>: Stefania Cretella<\/p>\n\n\n\n<p><strong>Executive Committee<\/strong>: Valerio Terraroli, Nadia Barrella, Claudia Casali, Stefania Cretella, Roberta D\u2019Adda, Monica Molteni, Philippe Senechal, Andrea Tomezzoli<\/p>\n\n\n\n<p><strong>Scientific Committee<\/strong>: Valerio Terraroli (Verona, Universit\u00e0 degli studi), Luca Massimo Barbero (Venezia, Fondazione Giorgio Cini), Nadia Barrella (Napoli\/ Santa Maria Capua Vetere, Universit\u00e0 degli studi della Campania \u201cLuigi Vanvitelli\u201d), Gabriella Belli (Venezia, Fondazione Venezia Musei), Tiziana Casagrande (Feltre, Galleria d&#8217;Arte Moderna &#8220;Carlo Rizzarda),Claudia Casali (Faenza, MIC \u2013 Museo Internazionale delle Ceramiche), Rosanna Cioffi (Napoli\/ Santa Maria Capua Vetere, Universit\u00e0 degli studi della Campania \u201cLuigi Vanvitelli\u201d), Stefania Cretella (Verona, Universit\u00e0 degli studi), Roberta D\u2019Adda (Brescia, Fondazione Brescia Musei), Irene de Guttry (Roma, Archivio delle arti applicate, GNAM), Maria Concetta Di Natale (Palermo, Universit\u00e0 degli studi), Matteo Focchessati (Genova, Wolfsoniana), Gianni Franzone (Genova, Wolfsoniana), Rossella Froissart (Marseille, Aix- Marseille Universit\u00e9), Maria Flora Giubilei (Genova, Galleria d\u2019Arte Moderna), Enrico Lucchese (Lubiana, Univerza v Ljubljani), Maria Paola Maino (Roma, Archivio delle arti applicate, GNAM), Paola Marini (art historian), Monica Molteni (Verona, Universit\u00e0 degli studi), Marta Nezzo (Padova, Universit\u00e0 degli studi), Cristina Rodeschini (Bergamo, Accademia Carrara), Alessandro Rovetta (Milano, Universit\u00e0 Cattolica), Philippe Senechal (Amiens, Universit\u00e9 de Picardie), Alessandra Tiddia (Rovereto, MART), Andrea Tomezzoli (Padova, Universit\u00e0 degli studi), Paola Venturelli (Venezia-Milano, Fondazione Gianmaria Buccellati).<\/p>\n\n\n\n<p><strong>Editorial manager<\/strong>: Valerio Terraroli<\/p>\n\n\n\n<p><strong>Editorial board<\/strong>: Stefania Cretella, Edoardo Lo Cicero, Monica Molteni<\/p>\n\n\n\n<figure class=\"wp-block-image\"><img decoding=\"async\" src=\"https:\/\/centrobossaglia.it\/wp-content\/uploads\/2016\/05\/logo_univr.png\" alt=\"\"\/><\/figure>\n","protected":false},"excerpt":{"rendered":"<p>Management: Valerio Terraroli Secretaryship: Stefania Cretella Executive Committee: Valerio Terraroli, Nadia Barrella, Claudia Casali, Stefania Cretella, Roberta D\u2019Adda, Monica Molteni, Philippe Senechal, Andrea Tomezzoli Scientific Committee: Valerio Terraroli (Verona, Universit\u00e0 degli studi), Luca Massimo Barbero (Venezia, Fondazione Giorgio Cini), Nadia Barrella (Napoli\/ Santa Maria Capua Vetere, Universit\u00e0 degli studi della Campania \u201cLuigi Vanvitelli\u201d), Gabriella Belli&#8230;<\/p>\n","protected":false},"author":1,"featured_media":11811,"parent":0,"menu_order":0,"comment_status":"closed","ping_status":"closed","template":"","meta":{"footnotes":""},"class_list":["post-8045","page","type-page","status-publish","has-post-thumbnail","hentry"],"featured_image_urls_v2":{"full":["https:\/\/centrobossaglia.it\/wp-content\/uploads\/2019\/06\/9-Nobilt\u00e0-1.jpg",6000,4000,false],"thumbnail":["https:\/\/centrobossaglia.it\/wp-content\/uploads\/2019\/06\/9-Nobilt\u00e0-1-150x150.jpg",150,150,true],"medium":["https:\/\/centrobossaglia.it\/wp-content\/uploads\/2019\/06\/9-Nobilt\u00e0-1-300x200.jpg",300,200,true],"medium_large":["https:\/\/centrobossaglia.it\/wp-content\/uploads\/2019\/06\/9-Nobilt\u00e0-1-768x512.jpg",600,400,true],"large":["https:\/\/centrobossaglia.it\/wp-content\/uploads\/2019\/06\/9-Nobilt\u00e0-1-1024x683.jpg",600,400,true],"folio":["https:\/\/centrobossaglia.it\/wp-content\/uploads\/2019\/06\/9-Nobilt\u00e0-1-600x400.jpg",600,400,true],"1536x1536":["https:\/\/centrobossaglia.it\/wp-content\/uploads\/2019\/06\/9-Nobilt\u00e0-1.jpg",1536,1024,false],"2048x2048":["https:\/\/centrobossaglia.it\/wp-content\/uploads\/2019\/06\/9-Nobilt\u00e0-1.jpg",2048,1365,false],"blog-masonry-three":["https:\/\/centrobossaglia.it\/wp-content\/uploads\/2019\/06\/9-Nobilt\u00e0-1-360x240.jpg",360,240,true],"blog":["https:\/\/centrobossaglia.it\/wp-content\/uploads\/2019\/06\/9-Nobilt\u00e0-1-770x440.jpg",770,440,true],"blog-strip":["https:\/\/centrobossaglia.it\/wp-content\/uploads\/2019\/06\/9-Nobilt\u00e0-1-6000x400.jpg",6000,400,true],"portfolio-post":["https:\/\/centrobossaglia.it\/wp-content\/uploads\/2019\/06\/9-Nobilt\u00e0-1-500x500.jpg",500,500,true],"portfolio-post-large":["https:\/\/centrobossaglia.it\/wp-content\/uploads\/2019\/06\/9-Nobilt\u00e0-1-1000x500.jpg",1000,500,true],"portfolio-post-large-2":["https:\/\/centrobossaglia.it\/wp-content\/uploads\/2019\/06\/9-Nobilt\u00e0-1-900x675.jpg",900,675,true],"portfolio-4-columns":["https:\/\/centrobossaglia.it\/wp-content\/uploads\/2019\/06\/9-Nobilt\u00e0-1-400x300.jpg",400,300,true],"sow-carousel-default":["https:\/\/centrobossaglia.it\/wp-content\/uploads\/2019\/06\/9-Nobilt\u00e0-1-272x182.jpg",272,182,true]},"post_excerpt_stackable_v2":"<p>Management: Valerio Terraroli Secretaryship: Stefania Cretella Executive Committee: Valerio Terraroli, Nadia Barrella, Claudia Casali, Stefania Cretella, Roberta D\u2019Adda, Monica Molteni, Philippe Senechal, Andrea Tomezzoli Scientific Committee: Valerio Terraroli (Verona, Universit\u00e0 degli studi), Luca Massimo Barbero (Venezia, Fondazione Giorgio Cini), Nadia Barrella (Napoli\/ Santa Maria Capua Vetere, Universit\u00e0 degli studi della Campania \u201cLuigi Vanvitelli\u201d), Gabriella Belli (Venezia, Fondazione Venezia Musei), Tiziana Casagrande (Feltre, Galleria d&#8217;Arte Moderna &#8220;Carlo Rizzarda),Claudia Casali (Faenza, MIC \u2013 Museo Internazionale delle Ceramiche), Rosanna Cioffi (Napoli\/ Santa Maria Capua Vetere, Universit\u00e0 degli studi della Campania \u201cLuigi Vanvitelli\u201d), Stefania Cretella (Verona, Universit\u00e0 degli studi), Roberta D\u2019Adda (Brescia, Fondazione Brescia&hellip;<\/p>\n","category_list_v2":"","author_info_v2":{"name":"admin","url":"https:\/\/centrobossaglia.it\/en\/author\/admin\/"},"comments_num_v2":"0 comments","yoast_head":"<!-- This site is optimized with the Yoast SEO plugin v27.3 - https:\/\/yoast.com\/product\/yoast-seo-wordpress\/ -->\n<title>Governance - Centro Studi Rossana Bossaglia<\/title>\n<meta name=\"robots\" content=\"index, follow, max-snippet:-1, max-image-preview:large, max-video-preview:-1\" \/>\n<link rel=\"canonical\" href=\"https:\/\/centrobossaglia.it\/en\/governance\/\" \/>\n<meta property=\"og:locale\" content=\"en_US\" \/>\n<meta property=\"og:type\" content=\"article\" \/>\n<meta property=\"og:title\" content=\"Governance - Centro Studi Rossana Bossaglia\" \/>\n<meta property=\"og:description\" content=\"Management: Valerio Terraroli Secretaryship: Stefania Cretella Executive Committee: Valerio Terraroli, Nadia Barrella, Claudia Casali, Stefania Cretella, Roberta D\u2019Adda, Monica Molteni, Philippe Senechal, Andrea Tomezzoli Scientific Committee: Valerio Terraroli (Verona, Universit\u00e0 degli studi), Luca Massimo Barbero (Venezia, Fondazione Giorgio Cini), Nadia Barrella (Napoli\/ Santa Maria Capua Vetere, Universit\u00e0 degli studi della Campania \u201cLuigi Vanvitelli\u201d), Gabriella Belli...\" \/>\n<meta property=\"og:url\" content=\"https:\/\/centrobossaglia.it\/en\/governance\/\" \/>\n<meta property=\"og:site_name\" content=\"Centro Studi Rossana Bossaglia\" \/>\n<meta property=\"article:modified_time\" content=\"2023-04-23T15:21:41+00:00\" \/>\n<meta property=\"og:image\" content=\"https:\/\/centrobossaglia.it\/wp-content\/uploads\/2019\/06\/9-Nobilt\u00e0-1-1024x683.jpg\" \/>\n\t<meta property=\"og:image:width\" content=\"1024\" \/>\n\t<meta property=\"og:image:height\" content=\"683\" \/>\n\t<meta property=\"og:image:type\" content=\"image\/jpeg\" \/>\n<meta name=\"twitter:card\" content=\"summary_large_image\" \/>\n<meta name=\"twitter:label1\" content=\"Est. reading time\" \/>\n\t<meta name=\"twitter:data1\" content=\"2 minutes\" \/>\n<script type=\"application\/ld+json\" class=\"yoast-schema-graph\">{\"@context\":\"https:\\\/\\\/schema.org\",\"@graph\":[{\"@type\":\"WebPage\",\"@id\":\"https:\\\/\\\/centrobossaglia.it\\\/en\\\/governance\\\/\",\"url\":\"https:\\\/\\\/centrobossaglia.it\\\/en\\\/governance\\\/\",\"name\":\"Governance - Centro Studi Rossana Bossaglia\",\"isPartOf\":{\"@id\":\"https:\\\/\\\/centrobossaglia.it\\\/en\\\/#website\"},\"primaryImageOfPage\":{\"@id\":\"https:\\\/\\\/centrobossaglia.it\\\/en\\\/governance\\\/#primaryimage\"},\"image\":{\"@id\":\"https:\\\/\\\/centrobossaglia.it\\\/en\\\/governance\\\/#primaryimage\"},\"thumbnailUrl\":\"https:\\\/\\\/centrobossaglia.it\\\/wp-content\\\/uploads\\\/2019\\\/06\\\/9-Nobilt\u00e0-1.jpg\",\"datePublished\":\"2019-05-04T16:48:03+00:00\",\"dateModified\":\"2023-04-23T15:21:41+00:00\",\"breadcrumb\":{\"@id\":\"https:\\\/\\\/centrobossaglia.it\\\/en\\\/governance\\\/#breadcrumb\"},\"inLanguage\":\"en-US\",\"potentialAction\":[{\"@type\":\"ReadAction\",\"target\":[\"https:\\\/\\\/centrobossaglia.it\\\/en\\\/governance\\\/\"]}]},{\"@type\":\"ImageObject\",\"inLanguage\":\"en-US\",\"@id\":\"https:\\\/\\\/centrobossaglia.it\\\/en\\\/governance\\\/#primaryimage\",\"url\":\"https:\\\/\\\/centrobossaglia.it\\\/wp-content\\\/uploads\\\/2019\\\/06\\\/9-Nobilt\u00e0-1.jpg\",\"contentUrl\":\"https:\\\/\\\/centrobossaglia.it\\\/wp-content\\\/uploads\\\/2019\\\/06\\\/9-Nobilt\u00e0-1.jpg\",\"width\":6000,\"height\":4000},{\"@type\":\"BreadcrumbList\",\"@id\":\"https:\\\/\\\/centrobossaglia.it\\\/en\\\/governance\\\/#breadcrumb\",\"itemListElement\":[{\"@type\":\"ListItem\",\"position\":1,\"name\":\"Home\",\"item\":\"https:\\\/\\\/centrobossaglia.it\\\/en\\\/\"},{\"@type\":\"ListItem\",\"position\":2,\"name\":\"Governance\"}]},{\"@type\":\"WebSite\",\"@id\":\"https:\\\/\\\/centrobossaglia.it\\\/en\\\/#website\",\"url\":\"https:\\\/\\\/centrobossaglia.it\\\/en\\\/\",\"name\":\"Centro Studi Rossana Bossaglia\",\"description\":\"Il sito ufficiale del Centro Studi Rossana Bossaglia\",\"potentialAction\":[{\"@type\":\"SearchAction\",\"target\":{\"@type\":\"EntryPoint\",\"urlTemplate\":\"https:\\\/\\\/centrobossaglia.it\\\/en\\\/?s={search_term_string}\"},\"query-input\":{\"@type\":\"PropertyValueSpecification\",\"valueRequired\":true,\"valueName\":\"search_term_string\"}}],\"inLanguage\":\"en-US\"}]}<\/script>\n<!-- \/ Yoast SEO plugin. -->","yoast_head_json":{"title":"Governance - Centro Studi Rossana Bossaglia","robots":{"index":"index","follow":"follow","max-snippet":"max-snippet:-1","max-image-preview":"max-image-preview:large","max-video-preview":"max-video-preview:-1"},"canonical":"https:\/\/centrobossaglia.it\/en\/governance\/","og_locale":"en_US","og_type":"article","og_title":"Governance - Centro Studi Rossana Bossaglia","og_description":"Management: Valerio Terraroli Secretaryship: Stefania Cretella Executive Committee: Valerio Terraroli, Nadia Barrella, Claudia Casali, Stefania Cretella, Roberta D\u2019Adda, Monica Molteni, Philippe Senechal, Andrea Tomezzoli Scientific Committee: Valerio Terraroli (Verona, Universit\u00e0 degli studi), Luca Massimo Barbero (Venezia, Fondazione Giorgio Cini), Nadia Barrella (Napoli\/ Santa Maria Capua Vetere, Universit\u00e0 degli studi della Campania \u201cLuigi Vanvitelli\u201d), Gabriella Belli...","og_url":"https:\/\/centrobossaglia.it\/en\/governance\/","og_site_name":"Centro Studi Rossana Bossaglia","article_modified_time":"2023-04-23T15:21:41+00:00","og_image":[{"width":1024,"height":683,"url":"https:\/\/centrobossaglia.it\/wp-content\/uploads\/2019\/06\/9-Nobilt\u00e0-1-1024x683.jpg","type":"image\/jpeg"}],"twitter_card":"summary_large_image","twitter_misc":{"Est. reading time":"2 minutes"},"schema":{"@context":"https:\/\/schema.org","@graph":[{"@type":"WebPage","@id":"https:\/\/centrobossaglia.it\/en\/governance\/","url":"https:\/\/centrobossaglia.it\/en\/governance\/","name":"Governance - Centro Studi Rossana Bossaglia","isPartOf":{"@id":"https:\/\/centrobossaglia.it\/en\/#website"},"primaryImageOfPage":{"@id":"https:\/\/centrobossaglia.it\/en\/governance\/#primaryimage"},"image":{"@id":"https:\/\/centrobossaglia.it\/en\/governance\/#primaryimage"},"thumbnailUrl":"https:\/\/centrobossaglia.it\/wp-content\/uploads\/2019\/06\/9-Nobilt\u00e0-1.jpg","datePublished":"2019-05-04T16:48:03+00:00","dateModified":"2023-04-23T15:21:41+00:00","breadcrumb":{"@id":"https:\/\/centrobossaglia.it\/en\/governance\/#breadcrumb"},"inLanguage":"en-US","potentialAction":[{"@type":"ReadAction","target":["https:\/\/centrobossaglia.it\/en\/governance\/"]}]},{"@type":"ImageObject","inLanguage":"en-US","@id":"https:\/\/centrobossaglia.it\/en\/governance\/#primaryimage","url":"https:\/\/centrobossaglia.it\/wp-content\/uploads\/2019\/06\/9-Nobilt\u00e0-1.jpg","contentUrl":"https:\/\/centrobossaglia.it\/wp-content\/uploads\/2019\/06\/9-Nobilt\u00e0-1.jpg","width":6000,"height":4000},{"@type":"BreadcrumbList","@id":"https:\/\/centrobossaglia.it\/en\/governance\/#breadcrumb","itemListElement":[{"@type":"ListItem","position":1,"name":"Home","item":"https:\/\/centrobossaglia.it\/en\/"},{"@type":"ListItem","position":2,"name":"Governance"}]},{"@type":"WebSite","@id":"https:\/\/centrobossaglia.it\/en\/#website","url":"https:\/\/centrobossaglia.it\/en\/","name":"Centro Studi Rossana Bossaglia","description":"Il sito ufficiale del Centro Studi Rossana Bossaglia","potentialAction":[{"@type":"SearchAction","target":{"@type":"EntryPoint","urlTemplate":"https:\/\/centrobossaglia.it\/en\/?s={search_term_string}"},"query-input":{"@type":"PropertyValueSpecification","valueRequired":true,"valueName":"search_term_string"}}],"inLanguage":"en-US"}]}},"_links":{"self":[{"href":"https:\/\/centrobossaglia.it\/en\/wp-json\/wp\/v2\/pages\/8045","targetHints":{"allow":["GET"]}}],"collection":[{"href":"https:\/\/centrobossaglia.it\/en\/wp-json\/wp\/v2\/pages"}],"about":[{"href":"https:\/\/centrobossaglia.it\/en\/wp-json\/wp\/v2\/types\/page"}],"author":[{"embeddable":true,"href":"https:\/\/centrobossaglia.it\/en\/wp-json\/wp\/v2\/users\/1"}],"replies":[{"embeddable":true,"href":"https:\/\/centrobossaglia.it\/en\/wp-json\/wp\/v2\/comments?post=8045"}],"version-history":[{"count":12,"href":"https:\/\/centrobossaglia.it\/en\/wp-json\/wp\/v2\/pages\/8045\/revisions"}],"predecessor-version":[{"id":21912,"href":"https:\/\/centrobossaglia.it\/en\/wp-json\/wp\/v2\/pages\/8045\/revisions\/21912"}],"wp:featuredmedia":[{"embeddable":true,"href":"https:\/\/centrobossaglia.it\/en\/wp-json\/wp\/v2\/media\/11811"}],"wp:attachment":[{"href":"https:\/\/centrobossaglia.it\/en\/wp-json\/wp\/v2\/media?parent=8045"}],"curies":[{"name":"wp","href":"https:\/\/api.w.org\/{rel}","templated":true}]}}