 {"id":8264,"date":"2019-06-06T07:34:53","date_gmt":"2019-06-06T05:34:53","guid":{"rendered":"https:\/\/www.centrobossaglia.it\/?page_id=8264"},"modified":"2019-06-24T18:05:50","modified_gmt":"2019-06-24T16:05:50","slug":"conventions","status":"publish","type":"page","link":"https:\/\/centrobossaglia.it\/en\/conventions\/","title":{"rendered":"Agreements"},"content":{"rendered":"\n<p>Partnerships in action:<\/p>\n\n\n\n<p>&#8211; Verona, Musei di Castelvecchio<\/p>\n\n\n\n<p>&#8211; Verona, Notariato<\/p>\n\n\n\n<p>&#8211; Brescia, Fondazione Brescia Musei<\/p>\n\n\n\n<p>&#8211; Padova, Universit\u00e0 degli Studi<\/p>\n\n\n\n<p>The Centre is finalizing agreements with:<\/p>\n\n\n\n<p>&#8211; Amiens,\nUniversit\u00e9 de Picardie<\/p>\n\n\n\n<p>&#8211; Marseille, Aix- Marseille Universit\u00e9<\/p>\n\n\n\n<p>&#8211; Napoli\/ Santa Maria Capua Vetere, Universit\u00e0 degli studi della\nCampania \u201cLuigi Vanvitelli\u201d<\/p>\n\n\n\n<p>&#8211; Lubiana, Univerza v Ljubljani<\/p>\n\n\n\n<p>&#8211; Milano, Universit\u00e0 Cattolica<\/p>\n\n\n\n<p>&#8211; Genova, Wolfsoniana<\/p>\n\n\n\n<p>&#8211; Roma, Archivio delle arti applicate, GNAM<\/p>\n\n\n\n<p>&#8211; Palermo, Osservatorio per le Arti Decorative in Italia\n&#8220;Maria Accascina&#8221;, Universit\u00e0 degli Studi<\/p>\n","protected":false},"excerpt":{"rendered":"<p>Partnerships in action: &#8211; Verona, Musei di Castelvecchio &#8211; Verona, Notariato &#8211; Brescia, Fondazione Brescia Musei &#8211; Padova, Universit\u00e0 degli Studi The Centre is finalizing agreements with: &#8211; Amiens, Universit\u00e9 de Picardie &#8211; Marseille, Aix- Marseille Universit\u00e9 &#8211; Napoli\/ Santa Maria Capua Vetere, Universit\u00e0 degli studi della Campania \u201cLuigi Vanvitelli\u201d &#8211; Lubiana, Univerza v Ljubljani&#8230;<\/p>\n","protected":false},"author":1,"featured_media":11823,"parent":0,"menu_order":0,"comment_status":"closed","ping_status":"closed","template":"","meta":{"footnotes":""},"class_list":["post-8264","page","type-page","status-publish","has-post-thumbnail","hentry"],"featured_image_urls_v2":{"full":["https:\/\/centrobossaglia.it\/wp-content\/uploads\/2019\/06\/IMG_6047.jpg",4492,2246,false],"thumbnail":["https:\/\/centrobossaglia.it\/wp-content\/uploads\/2019\/06\/IMG_6047-150x150.jpg",150,150,true],"medium":["https:\/\/centrobossaglia.it\/wp-content\/uploads\/2019\/06\/IMG_6047-300x150.jpg",300,150,true],"medium_large":["https:\/\/centrobossaglia.it\/wp-content\/uploads\/2019\/06\/IMG_6047-768x384.jpg",600,300,true],"large":["https:\/\/centrobossaglia.it\/wp-content\/uploads\/2019\/06\/IMG_6047-1024x512.jpg",600,300,true],"folio":["https:\/\/centrobossaglia.it\/wp-content\/uploads\/2019\/06\/IMG_6047-600x400.jpg",600,400,true],"1536x1536":["https:\/\/centrobossaglia.it\/wp-content\/uploads\/2019\/06\/IMG_6047.jpg",1536,768,false],"2048x2048":["https:\/\/centrobossaglia.it\/wp-content\/uploads\/2019\/06\/IMG_6047.jpg",2048,1024,false],"blog-masonry-three":["https:\/\/centrobossaglia.it\/wp-content\/uploads\/2019\/06\/IMG_6047-360x180.jpg",360,180,true],"blog":["https:\/\/centrobossaglia.it\/wp-content\/uploads\/2019\/06\/IMG_6047-770x440.jpg",770,440,true],"blog-strip":["https:\/\/centrobossaglia.it\/wp-content\/uploads\/2019\/06\/IMG_6047-4492x400.jpg",4492,400,true],"portfolio-post":["https:\/\/centrobossaglia.it\/wp-content\/uploads\/2019\/06\/IMG_6047-500x500.jpg",500,500,true],"portfolio-post-large":["https:\/\/centrobossaglia.it\/wp-content\/uploads\/2019\/06\/IMG_6047-1000x500.jpg",1000,500,true],"portfolio-post-large-2":["https:\/\/centrobossaglia.it\/wp-content\/uploads\/2019\/06\/IMG_6047-900x675.jpg",900,675,true],"portfolio-4-columns":["https:\/\/centrobossaglia.it\/wp-content\/uploads\/2019\/06\/IMG_6047-400x300.jpg",400,300,true],"sow-carousel-default":["https:\/\/centrobossaglia.it\/wp-content\/uploads\/2019\/06\/IMG_6047-272x182.jpg",272,182,true]},"post_excerpt_stackable_v2":"<p>Partnerships in action: &#8211; Verona, Musei di Castelvecchio &#8211; Verona, Notariato &#8211; Brescia, Fondazione Brescia Musei &#8211; Padova, Universit\u00e0 degli Studi The Centre is finalizing agreements with: &#8211; Amiens, Universit\u00e9 de Picardie &#8211; Marseille, Aix- Marseille Universit\u00e9 &#8211; Napoli\/ Santa Maria Capua Vetere, Universit\u00e0 degli studi della Campania \u201cLuigi Vanvitelli\u201d &#8211; Lubiana, Univerza v Ljubljani &#8211; Milano, Universit\u00e0 Cattolica &#8211; Genova, Wolfsoniana &#8211; Roma, Archivio delle arti applicate, GNAM &#8211; Palermo, Osservatorio per le Arti Decorative in Italia &#8220;Maria Accascina&#8221;, Universit\u00e0 degli Studi<\/p>\n","category_list_v2":"","author_info_v2":{"name":"admin","url":"https:\/\/centrobossaglia.it\/en\/author\/admin\/"},"comments_num_v2":"0 comments","yoast_head":"<!-- This site is optimized with the Yoast SEO plugin v27.3 - https:\/\/yoast.com\/product\/yoast-seo-wordpress\/ -->\n<title>Agreements - Centro Studi Rossana Bossaglia<\/title>\n<meta name=\"robots\" content=\"index, follow, max-snippet:-1, max-image-preview:large, max-video-preview:-1\" \/>\n<link rel=\"canonical\" href=\"https:\/\/centrobossaglia.it\/en\/conventions\/\" \/>\n<meta property=\"og:locale\" content=\"en_US\" \/>\n<meta property=\"og:type\" content=\"article\" \/>\n<meta property=\"og:title\" content=\"Agreements - Centro Studi Rossana Bossaglia\" \/>\n<meta property=\"og:description\" content=\"Partnerships in action: &#8211; Verona, Musei di Castelvecchio &#8211; Verona, Notariato &#8211; Brescia, Fondazione Brescia Musei &#8211; Padova, Universit\u00e0 degli Studi The Centre is finalizing agreements with: &#8211; Amiens, Universit\u00e9 de Picardie &#8211; Marseille, Aix- Marseille Universit\u00e9 &#8211; Napoli\/ Santa Maria Capua Vetere, Universit\u00e0 degli studi della Campania \u201cLuigi Vanvitelli\u201d &#8211; Lubiana, Univerza v Ljubljani...\" \/>\n<meta property=\"og:url\" content=\"https:\/\/centrobossaglia.it\/en\/conventions\/\" \/>\n<meta property=\"og:site_name\" content=\"Centro Studi Rossana Bossaglia\" \/>\n<meta property=\"article:modified_time\" content=\"2019-06-24T16:05:50+00:00\" \/>\n<meta property=\"og:image\" content=\"https:\/\/centrobossaglia.it\/wp-content\/uploads\/2019\/06\/IMG_6047-1024x512.jpg\" \/>\n\t<meta property=\"og:image:width\" content=\"1024\" \/>\n\t<meta property=\"og:image:height\" content=\"512\" \/>\n\t<meta property=\"og:image:type\" content=\"image\/jpeg\" \/>\n<meta name=\"twitter:card\" content=\"summary_large_image\" \/>\n<script type=\"application\/ld+json\" class=\"yoast-schema-graph\">{\"@context\":\"https:\\\/\\\/schema.org\",\"@graph\":[{\"@type\":\"WebPage\",\"@id\":\"https:\\\/\\\/centrobossaglia.it\\\/en\\\/conventions\\\/\",\"url\":\"https:\\\/\\\/centrobossaglia.it\\\/en\\\/conventions\\\/\",\"name\":\"Agreements - Centro Studi Rossana Bossaglia\",\"isPartOf\":{\"@id\":\"https:\\\/\\\/centrobossaglia.it\\\/en\\\/#website\"},\"primaryImageOfPage\":{\"@id\":\"https:\\\/\\\/centrobossaglia.it\\\/en\\\/conventions\\\/#primaryimage\"},\"image\":{\"@id\":\"https:\\\/\\\/centrobossaglia.it\\\/en\\\/conventions\\\/#primaryimage\"},\"thumbnailUrl\":\"https:\\\/\\\/centrobossaglia.it\\\/wp-content\\\/uploads\\\/2019\\\/06\\\/IMG_6047.jpg\",\"datePublished\":\"2019-06-06T05:34:53+00:00\",\"dateModified\":\"2019-06-24T16:05:50+00:00\",\"breadcrumb\":{\"@id\":\"https:\\\/\\\/centrobossaglia.it\\\/en\\\/conventions\\\/#breadcrumb\"},\"inLanguage\":\"en-US\",\"potentialAction\":[{\"@type\":\"ReadAction\",\"target\":[\"https:\\\/\\\/centrobossaglia.it\\\/en\\\/conventions\\\/\"]}]},{\"@type\":\"ImageObject\",\"inLanguage\":\"en-US\",\"@id\":\"https:\\\/\\\/centrobossaglia.it\\\/en\\\/conventions\\\/#primaryimage\",\"url\":\"https:\\\/\\\/centrobossaglia.it\\\/wp-content\\\/uploads\\\/2019\\\/06\\\/IMG_6047.jpg\",\"contentUrl\":\"https:\\\/\\\/centrobossaglia.it\\\/wp-content\\\/uploads\\\/2019\\\/06\\\/IMG_6047.jpg\",\"width\":4492,\"height\":2246},{\"@type\":\"BreadcrumbList\",\"@id\":\"https:\\\/\\\/centrobossaglia.it\\\/en\\\/conventions\\\/#breadcrumb\",\"itemListElement\":[{\"@type\":\"ListItem\",\"position\":1,\"name\":\"Home\",\"item\":\"https:\\\/\\\/centrobossaglia.it\\\/en\\\/\"},{\"@type\":\"ListItem\",\"position\":2,\"name\":\"Agreements\"}]},{\"@type\":\"WebSite\",\"@id\":\"https:\\\/\\\/centrobossaglia.it\\\/en\\\/#website\",\"url\":\"https:\\\/\\\/centrobossaglia.it\\\/en\\\/\",\"name\":\"Centro Studi Rossana Bossaglia\",\"description\":\"Il sito ufficiale del Centro Studi Rossana Bossaglia\",\"potentialAction\":[{\"@type\":\"SearchAction\",\"target\":{\"@type\":\"EntryPoint\",\"urlTemplate\":\"https:\\\/\\\/centrobossaglia.it\\\/en\\\/?s={search_term_string}\"},\"query-input\":{\"@type\":\"PropertyValueSpecification\",\"valueRequired\":true,\"valueName\":\"search_term_string\"}}],\"inLanguage\":\"en-US\"}]}<\/script>\n<!-- \/ Yoast SEO plugin. -->","yoast_head_json":{"title":"Agreements - Centro Studi Rossana Bossaglia","robots":{"index":"index","follow":"follow","max-snippet":"max-snippet:-1","max-image-preview":"max-image-preview:large","max-video-preview":"max-video-preview:-1"},"canonical":"https:\/\/centrobossaglia.it\/en\/conventions\/","og_locale":"en_US","og_type":"article","og_title":"Agreements - Centro Studi Rossana Bossaglia","og_description":"Partnerships in action: &#8211; Verona, Musei di Castelvecchio &#8211; Verona, Notariato &#8211; Brescia, Fondazione Brescia Musei &#8211; Padova, Universit\u00e0 degli Studi The Centre is finalizing agreements with: &#8211; Amiens, Universit\u00e9 de Picardie &#8211; Marseille, Aix- Marseille Universit\u00e9 &#8211; Napoli\/ Santa Maria Capua Vetere, Universit\u00e0 degli studi della Campania \u201cLuigi Vanvitelli\u201d &#8211; Lubiana, Univerza v Ljubljani...","og_url":"https:\/\/centrobossaglia.it\/en\/conventions\/","og_site_name":"Centro Studi Rossana Bossaglia","article_modified_time":"2019-06-24T16:05:50+00:00","og_image":[{"width":1024,"height":512,"url":"https:\/\/centrobossaglia.it\/wp-content\/uploads\/2019\/06\/IMG_6047-1024x512.jpg","type":"image\/jpeg"}],"twitter_card":"summary_large_image","schema":{"@context":"https:\/\/schema.org","@graph":[{"@type":"WebPage","@id":"https:\/\/centrobossaglia.it\/en\/conventions\/","url":"https:\/\/centrobossaglia.it\/en\/conventions\/","name":"Agreements - Centro Studi Rossana Bossaglia","isPartOf":{"@id":"https:\/\/centrobossaglia.it\/en\/#website"},"primaryImageOfPage":{"@id":"https:\/\/centrobossaglia.it\/en\/conventions\/#primaryimage"},"image":{"@id":"https:\/\/centrobossaglia.it\/en\/conventions\/#primaryimage"},"thumbnailUrl":"https:\/\/centrobossaglia.it\/wp-content\/uploads\/2019\/06\/IMG_6047.jpg","datePublished":"2019-06-06T05:34:53+00:00","dateModified":"2019-06-24T16:05:50+00:00","breadcrumb":{"@id":"https:\/\/centrobossaglia.it\/en\/conventions\/#breadcrumb"},"inLanguage":"en-US","potentialAction":[{"@type":"ReadAction","target":["https:\/\/centrobossaglia.it\/en\/conventions\/"]}]},{"@type":"ImageObject","inLanguage":"en-US","@id":"https:\/\/centrobossaglia.it\/en\/conventions\/#primaryimage","url":"https:\/\/centrobossaglia.it\/wp-content\/uploads\/2019\/06\/IMG_6047.jpg","contentUrl":"https:\/\/centrobossaglia.it\/wp-content\/uploads\/2019\/06\/IMG_6047.jpg","width":4492,"height":2246},{"@type":"BreadcrumbList","@id":"https:\/\/centrobossaglia.it\/en\/conventions\/#breadcrumb","itemListElement":[{"@type":"ListItem","position":1,"name":"Home","item":"https:\/\/centrobossaglia.it\/en\/"},{"@type":"ListItem","position":2,"name":"Agreements"}]},{"@type":"WebSite","@id":"https:\/\/centrobossaglia.it\/en\/#website","url":"https:\/\/centrobossaglia.it\/en\/","name":"Centro Studi Rossana Bossaglia","description":"Il sito ufficiale del Centro Studi Rossana Bossaglia","potentialAction":[{"@type":"SearchAction","target":{"@type":"EntryPoint","urlTemplate":"https:\/\/centrobossaglia.it\/en\/?s={search_term_string}"},"query-input":{"@type":"PropertyValueSpecification","valueRequired":true,"valueName":"search_term_string"}}],"inLanguage":"en-US"}]}},"_links":{"self":[{"href":"https:\/\/centrobossaglia.it\/en\/wp-json\/wp\/v2\/pages\/8264","targetHints":{"allow":["GET"]}}],"collection":[{"href":"https:\/\/centrobossaglia.it\/en\/wp-json\/wp\/v2\/pages"}],"about":[{"href":"https:\/\/centrobossaglia.it\/en\/wp-json\/wp\/v2\/types\/page"}],"author":[{"embeddable":true,"href":"https:\/\/centrobossaglia.it\/en\/wp-json\/wp\/v2\/users\/1"}],"replies":[{"embeddable":true,"href":"https:\/\/centrobossaglia.it\/en\/wp-json\/wp\/v2\/comments?post=8264"}],"version-history":[{"count":3,"href":"https:\/\/centrobossaglia.it\/en\/wp-json\/wp\/v2\/pages\/8264\/revisions"}],"predecessor-version":[{"id":11859,"href":"https:\/\/centrobossaglia.it\/en\/wp-json\/wp\/v2\/pages\/8264\/revisions\/11859"}],"wp:featuredmedia":[{"embeddable":true,"href":"https:\/\/centrobossaglia.it\/en\/wp-json\/wp\/v2\/media\/11823"}],"wp:attachment":[{"href":"https:\/\/centrobossaglia.it\/en\/wp-json\/wp\/v2\/media?parent=8264"}],"curies":[{"name":"wp","href":"https:\/\/api.w.org\/{rel}","templated":true}]}}